{"id":1032,"date":"2014-04-08T17:25:36","date_gmt":"2014-04-08T17:25:36","guid":{"rendered":"https:\/\/tierischesvergnuegen.de\/wordpress\/?page_id=1032"},"modified":"2021-11-03T14:33:04","modified_gmt":"2021-11-03T14:33:04","slug":"massagen","status":"publish","type":"page","link":"https:\/\/tierischesvergnuegen.de\/wordpress\/?page_id=1032","title":{"rendered":"Th\u00f6nnissen IT-Consult"},"content":{"rendered":"<p>https:\/\/thoennissen-it-consult.de\/<\/p>\n<p>Sie haben Probleme mit Ihrem Computer oder Notebook?<br \/>\nSie ben\u00f6tigen Hilfe weil Ihr Telefon, Internet, Netzwerk oder Smartphone nicht mehr ordnungsgem\u00e4\u00df funktioniert?<\/p>\n<p>Dann sind Sie bei uns genau richtig.<br \/>\nDie Firma Th\u00f6nnissen IT-Consult ist Ihr kompetenter Dienstleistungsanbieter, und steht Ihnen gerne bei der Fehleranalyse und Fehlerbehebung zur Seite.<\/p>\n<p>Ferner bieten wir Ihnen Kurse an, die speziell auf Ihre Bed\u00fcrfnisse angepasst sind und somit auch ideal f\u00fcr Einsteiger<br \/>\ngeeignet sind.<\/p>\n<p>Dar\u00fcber hinaus beraten wir Sie gerne bei der Planung und Neuanschaffung neuer Hardware.<br \/>\nSprechen Sie uns einfach an.<\/p>\n<p>Michael Th\u00f6nnissen<br \/>\nTh\u00f6nnissen IT-Consult<br \/>\nWienenweg 48<br \/>\n41844 Wegberg<\/p>\n<h2>Kontakt:<\/h2>\n<table>\n<tbody>\n<tr>\n<td>Telefon:<\/td>\n<td>0173 \u2013 5829892<\/td>\n<\/tr>\n<tr>\n<td>E-Mail:<\/td>\n<td>info@thoennissen-it-consult.de<\/td>\n<\/tr>\n<\/tbody>\n<\/table>\n","protected":false},"excerpt":{"rendered":"<p>https:\/\/thoennissen-it-consult.de\/ Sie haben Probleme mit Ihrem Computer oder Notebook? Sie ben\u00f6tigen Hilfe weil Ihr Telefon, Internet, Netzwerk oder Smartphone nicht mehr ordnungsgem\u00e4\u00df funktioniert? Dann sind Sie bei uns genau richtig. Die Firma Th\u00f6nnissen IT-Consult ist Ihr kompetenter Dienstleistungsanbieter, und steht Ihnen gerne bei der Fehleranalyse und Fehlerbehebung zur Seite. Ferner\u2026<\/p>\n<p class=\"continue-reading-button\"> <a class=\"continue-reading-link\" href=\"https:\/\/tierischesvergnuegen.de\/wordpress\/?page_id=1032\">Continue reading<i class=\"crycon-right-dir\"><\/i><\/a><\/p>\n","protected":false},"author":1,"featured_media":0,"parent":1025,"menu_order":0,"comment_status":"closed","ping_status":"open","template":"","meta":{"footnotes":""},"_links":{"self":[{"href":"https:\/\/tierischesvergnuegen.de\/wordpress\/index.php?rest_route=\/wp\/v2\/pages\/1032"}],"collection":[{"href":"https:\/\/tierischesvergnuegen.de\/wordpress\/index.php?rest_route=\/wp\/v2\/pages"}],"about":[{"href":"https:\/\/tierischesvergnuegen.de\/wordpress\/index.php?rest_route=\/wp\/v2\/types\/page"}],"author":[{"embeddable":true,"href":"https:\/\/tierischesvergnuegen.de\/wordpress\/index.php?rest_route=\/wp\/v2\/users\/1"}],"replies":[{"embeddable":true,"href":"https:\/\/tierischesvergnuegen.de\/wordpress\/index.php?rest_route=%2Fwp%2Fv2%2Fcomments&post=1032"}],"version-history":[{"count":6,"href":"https:\/\/tierischesvergnuegen.de\/wordpress\/index.php?rest_route=\/wp\/v2\/pages\/1032\/revisions"}],"predecessor-version":[{"id":3014,"href":"https:\/\/tierischesvergnuegen.de\/wordpress\/index.php?rest_route=\/wp\/v2\/pages\/1032\/revisions\/3014"}],"up":[{"embeddable":true,"href":"https:\/\/tierischesvergnuegen.de\/wordpress\/index.php?rest_route=\/wp\/v2\/pages\/1025"}],"wp:attachment":[{"href":"https:\/\/tierischesvergnuegen.de\/wordpress\/index.php?rest_route=%2Fwp%2Fv2%2Fmedia&parent=1032"}],"curies":[{"name":"wp","href":"https:\/\/api.w.org\/{rel}","templated":true}]}}