{"id":14,"date":"2013-08-15T00:03:16","date_gmt":"2013-08-15T00:03:16","guid":{"rendered":"https:\/\/tierischesvergnuegen.de\/wordpress\/?page_id=14"},"modified":"2024-06-11T15:49:08","modified_gmt":"2024-06-11T15:49:08","slug":"impressum","status":"publish","type":"page","link":"https:\/\/tierischesvergnuegen.de\/wordpress\/?page_id=14","title":{"rendered":"Impressum"},"content":{"rendered":"<h1>Impressum<\/h1>\n<p>Nadine Th\u00f6nnissen<br \/>\nTierisches Vergn\u00fcgen<br \/>\nWienenweg 48<br \/>\n41844 Wegberg<\/p>\n<h2>Kontakt:<\/h2>\n<table>\n<tbody>\n<tr>\n<td>Telefon:<\/td>\n<td>01590 86 92 233<\/td>\n<\/tr>\n<tr>\n<td>E-Mail:<\/td>\n<td>info@tierischesvergnuegen.de<\/td>\n<\/tr>\n<\/tbody>\n<\/table>\n<h2>Hinweis auf EU-<br \/>\nStreitschlichtung<\/h2>\n<p>Die Europ\u00e4ische Kommission stellt eine Plattform zur Online-Streitbeilegung<br \/>\n(OS) bereit: <a href=\"http:\/\/ec.europa.eu\/consumers\/odr\">http:\/\/ec.europa.eu\/consumers\/odr<\/a><br \/>\nUnsere E-Mail-Adresse finden sie oben im Impressum.<\/p>\n<p>Ich bin weder bereit noch verpflichtet, an Streitbeteiligungsverfahren vor einer Verbraucherschlichtungsstelle teilzunehmen.<\/p>\n<p><strong>Urheberrecht<\/strong><\/p>\n<p>Die durch die Seitenbetreiber erstellten Inhalte und Werke auf diesen Seiten unterliegen dem deutschen Urheberrecht. Die Vervielf\u00e4ltigung, Bearbeitung, Verbreitung und jede Art der Verwertung au\u00dferhalb der Grenzen des Urheberrechtes bed\u00fcrfen der schriftlichen Zustimmung des jeweiligen Autors bzw. Erstellers. Downloads und Kopien dieser Seite sind nur f\u00fcr den privaten, nicht kommerziellen Gebrauch gestattet. Soweit die Inhalte auf dieser Seite nicht vom Betreiber erstellt wurden, werden die Urheberrechte Dritter beachtet. Insbesondere werden Inhalte<br \/>\nDritter als solche gekennzeichnet. Sollten Sie trotzdem auf eine Urheberrechtsverletzung aufmerksam werden,<br \/>\nbitten wir um einen entsprechenden Hinweis. Bei Bekanntwerden von Rechtsverletzungen werden wir derartige<br \/>\nInhalte umgehend entfernen.<\/p>\n","protected":false},"excerpt":{"rendered":"<p>Impressum Nadine Th\u00f6nnissen Tierisches Vergn\u00fcgen Wienenweg 48 41844 Wegberg Kontakt: Telefon: 01590 86 92 233 E-Mail: info@tierischesvergnuegen.de Hinweis auf EU- Streitschlichtung Die Europ\u00e4ische Kommission stellt eine Plattform zur Online-Streitbeilegung (OS) bereit: http:\/\/ec.europa.eu\/consumers\/odr Unsere E-Mail-Adresse finden sie oben im Impressum. Ich bin weder bereit noch verpflichtet, an Streitbeteiligungsverfahren vor einer Verbraucherschlichtungsstelle\u2026<\/p>\n<p class=\"continue-reading-button\"> <a class=\"continue-reading-link\" href=\"https:\/\/tierischesvergnuegen.de\/wordpress\/?page_id=14\">Continue reading<i class=\"crycon-right-dir\"><\/i><\/a><\/p>\n","protected":false},"author":1,"featured_media":0,"parent":0,"menu_order":9,"comment_status":"closed","ping_status":"open","template":"","meta":{"footnotes":""},"_links":{"self":[{"href":"https:\/\/tierischesvergnuegen.de\/wordpress\/index.php?rest_route=\/wp\/v2\/pages\/14"}],"collection":[{"href":"https:\/\/tierischesvergnuegen.de\/wordpress\/index.php?rest_route=\/wp\/v2\/pages"}],"about":[{"href":"https:\/\/tierischesvergnuegen.de\/wordpress\/index.php?rest_route=\/wp\/v2\/types\/page"}],"author":[{"embeddable":true,"href":"https:\/\/tierischesvergnuegen.de\/wordpress\/index.php?rest_route=\/wp\/v2\/users\/1"}],"replies":[{"embeddable":true,"href":"https:\/\/tierischesvergnuegen.de\/wordpress\/index.php?rest_route=%2Fwp%2Fv2%2Fcomments&post=14"}],"version-history":[{"count":17,"href":"https:\/\/tierischesvergnuegen.de\/wordpress\/index.php?rest_route=\/wp\/v2\/pages\/14\/revisions"}],"predecessor-version":[{"id":3018,"href":"https:\/\/tierischesvergnuegen.de\/wordpress\/index.php?rest_route=\/wp\/v2\/pages\/14\/revisions\/3018"}],"wp:attachment":[{"href":"https:\/\/tierischesvergnuegen.de\/wordpress\/index.php?rest_route=%2Fwp%2Fv2%2Fmedia&parent=14"}],"curies":[{"name":"wp","href":"https:\/\/api.w.org\/{rel}","templated":true}]}}