{"id":145,"date":"2013-08-26T05:15:52","date_gmt":"2013-08-26T05:15:52","guid":{"rendered":"https:\/\/tierischesvergnuegen.de\/wordpress\/?page_id=145"},"modified":"2019-08-22T13:45:03","modified_gmt":"2019-08-22T13:45:03","slug":"agb","status":"publish","type":"page","link":"https:\/\/tierischesvergnuegen.de\/wordpress\/?page_id=145","title":{"rendered":"AGB"},"content":{"rendered":"<p>Allgemeine Gesch\u00e4ftsbedingungen Tierisches Vergn\u00fcgen<\/p>\n<p>\u00a71 Geltung gegen\u00fcber Unternehmern und Begriffsdefinitionen<br \/>\n(1) Die nachfolgenden Allgemeinen Gesch\u00e4ftbedingungen gelten f\u00fcr alle Lieferungen zwischen uns und einem Verbraucher in ihrer zum Zeitpunkt der Bestellung g\u00fcltigen Fassung.<\/p>\n<p>(2) \u201eVerbraucher\u201c in Sinne dieser Gesch\u00e4ftsbedingungen ist jede nat\u00fcrliche Person, die ein Rechtsgesch\u00e4ft zu einem Zwecke abschlie\u00dft, der weder ihrer gewerblichen noch ihrer selbst\u00e4ndigen beruflichen T\u00e4tigkeit zugerechnet werden kann.<\/p>\n<p>\u00a72 Zustandekommen eines Vertrages, Speicherung des Vertragstextes<br \/>\n(1) Die folgenden Regelungen \u00fcber den Vertragsabschluss gelten f\u00fcr Bestellungen \u00fcber unseren Internetshop http:\/\/www.tierischesvergnuegen.de .<\/p>\n<p>(2) Im Falle des Vertragsschlusses kommt der Vertrag mit<\/p>\n<p>Tierisches Vergn\u00fcgen<br \/>\nNadine Th\u00f6nnissen<br \/>\nWienenweg 48<br \/>\nD-41844 Wegberg<\/p>\n<p>01590 8692233<\/p>\n<p>zustande.<\/p>\n<p>(3) Die Pr\u00e4sentation der Waren auf unserer Homepage stellt kein rechtlich bindendes Vertragsangebot unsererseits dar, sondern sind nur eine unverbindliche Aufforderungen an den Verbraucher, Waren zu bestellen. Mit der Bestellung der gew\u00fcnschten Ware gibt der Verbraucher ein f\u00fcr ihn verbindliches Angebot auf Abschluss eines Kaufvertrages ab.<\/p>\n<p>Die Annahme des Angebots erfolgt schriftlich oder in Textform oder durch \u00dcbersendung der bestellten Ware innerhalb von einer Woche. Nach fruchtlosem Ablauf der Frist gilt das Angebot als abgelehnt.<\/p>\n<p>(4) Bei Eingang einer Bestellung \u00fcber das Kontaktformular oder per E-Mail gelten folgende Regelungen: Der Verbraucher gibt ein bindendes Vertragsangebot ab, indem er die f\u00fcr unsere Homepage vorgesehenen Bestellprozedur erfolgreich durchl\u00e4uft.<\/p>\n<p>Die Bestellung erfolgt in folgenden Schritten:<\/p>\n<p>1) Anfrage \u00fcber das Kontaktformular oder per E-Mail<\/p>\n<p>2) Erhalt der Rechnung per E-Mail<\/p>\n<p>3) \u00dcberweisung des zu zahlenden Betrages<\/p>\n<p>Die AGB k\u00f6nnen Sie jederzeit unter https:\/\/tierischesvergnuegen.de\/wordpress\/?page_id=145 einsehen. Ihre Bestelldaten sind aus Sicherheitsgr\u00fcnden nicht mehr \u00fcber das Internet zug\u00e4nglich.<\/p>\n<p>\u00a73 Preise, Versandkosten, Zahlung, F\u00e4lligkeit<br \/>\n(1) Die angegebenen Preise enthalten die gesetzliche Umsatzsteuer und sonstige Preisbestandteile. Hinzu kommen etwaige Versandkosten.<\/p>\n<p>(2) Der Verbraucher hat die M\u00f6glichkeit der Zahlung per Vorkasse oder Barzahlung bei Abholung.<\/p>\n<p>(3) Hat der Verbraucher die Zahlung per Vorkasse gew\u00e4hlt, so verpflichtet er sich, den Kaufpreis innerhalb von 10 Tagen nach Vertragsschluss zu zahlen.<\/p>\n<p>(4) Je nach Gr\u00f6\u00dfe fallen zwischen 2,00 Euro und 5,00 Euro f\u00fcr Porto und Verpackung pro Ware an. Eventuell k\u00f6nnen mehrere Waren in einem Paket versendet werden. Der genaue Preis kann dem Angebot entnommen werden.<\/p>\n<p>\u00a74 Lieferung<br \/>\n(1) Sofern wir dies in der Produktbeschreibung nicht deutlich anders angegeben haben, sind alle von uns angebotenen Artikel innerhalb von 4 &#8211; 5 Werktagen nach Zahlungsanweisung versandfertig.<\/p>\n<p>(2) Hat der Verbraucher die Zahlung per Vorkasse gew\u00e4hlt, so versenden wir die Ware nicht vor Zahlungseingang.<\/p>\n<p>\u00a75 Eigentumsvorbehalt<br \/>\nWir behalten uns das Eigentum an der Ware bis zur vollst\u00e4ndigen Bezahlung des Kaufpreises vor.<\/p>\n<p>****************************************************************************************************<\/p>\n<p>\u00a76 R\u00fcckgaberecht<br \/>\nR\u00fcckgabebelehrung<\/p>\n<p>R\u00fcckgaberecht<\/p>\n<p>Sie k\u00f6nnen die erhaltene Ware ohne Angabe von Gr\u00fcnden innerhalb von 14 Tagen durch R\u00fccksendung der Ware zur\u00fcckgeben. Die Frist beginnt mit Erhalt der Ware. Zur Wahrung der Frist gen\u00fcgt die rechtzeitige Absendung der Ware. Die Versandkosten tr\u00e4ft hierbei der Kunde.<\/p>\n<p>Die R\u00fccksendung hat zu erfolgen an:<br \/>\nTierisches Vergn\u00fcgen<br \/>\nNadine Th\u00f6nnissen<br \/>\nWienenweg 48<br \/>\nD-41844 Wegberg<br \/>\nE-Mail info@tierischesvergnuegen.de<\/p>\n<p>R\u00fcckgabefolgen<\/p>\n<p>Im Falle einer wirksamen R\u00fcckgabe sind die beiderseits empfangenen Leistungen zur\u00fcckgew\u00e4hren und ggf. gezogene Nutzungen herauszugeben. Bei einer Verschlechterung der Sache und f\u00fcr Nutzungen (z.B. Gebrauchsvorteile), die nicht oder teilweise nicht oder nur im verschlechtertem Zustand herausgegeben werden k\u00f6nnen, m\u00fcssen Sie uns insoweit Wertersatz leisten. F\u00fcr die Verschlechterung der Sache m\u00fcssen Sie Wertersatz nur leisten, soweit die Verschlechterung auf einen Umgang mit der Sache zur\u00fcckzuf\u00fchren ist, der \u00fcber die Pr\u00fcfung der Eigenschaften und der Funktionsweise hinausgeht. Unter \u201ePr\u00fcfung der Eigenschaften und Funktionsweise\u201c versteht man das Testen und Ausprobieren der jeweiligen Ware, wie es etwa im Ladengesch\u00e4ft m\u00f6glich und \u00fcblich ist. Verpflichtungen zur Erstattung von Zahlungen m\u00fcssen innerhalb von 30 Tagen erf\u00fcllt werden. Die Frist beginnt f\u00fcr Sie mit der Absendung der Ware, f\u00fcr uns mit dem Empfang.<\/p>\n<p>R\u00fcckgabeausschluss<\/p>\n<p>(1) Ebenfalls von der R\u00fcckgabe ausgeschlossen sind die angebotenen Gutscheine.<\/p>\n<p>(2) Da der Schmuck sowie die Schl\u00fcsselanh\u00e4nger aus Tierhaar nach Ihren pers\u00f6nlichen Vorstellungen angefertigt werden, ist eine R\u00fcckgabe nich m\u00f6glich.<\/p>\n<p>(3) Die R\u00fccknahme ist ebenfalls ausgeschlossen, wenn Waren extra f\u00fcr Sie nach Ihren Vorstellungen angefertigt werden.<\/p>\n<p>Ende der R\u00fcckgabebelehrung<\/p>\n<p>****************************************************************************************************<\/p>\n<p>\u00a77 Vertragsprache<br \/>\nAls Vertragssprache steht ausschlie\u00dflich Deutsch zur Verf\u00fcgung.<\/p>\n<p>Stand der AGB Aug.2013<\/p>\n<p>Gratis AGB erstellt von agb.de<\/p>\n<div class=\"_d97\"><span class=\"_5yl5\">Plattform der EU-Kommission zur Online-Streitbeilegung: <a href=\"http:\/\/l.facebook.com\/l.php?u=http%3A%2F%2Fwww.ec.europa.eu%2Fconsumers%2Fodr&amp;h=AAQG4rYP4\" target=\"_blank\" rel=\"nofollow noopener noreferrer\">www.ec.europa.eu\/consumers\/odr<\/a><\/span><\/div>\n<div class=\"_d97\"><\/div>\n<div class=\"_d97\">Ich bin weder bereit noch verpflichtet, an Streitbeilegungsverfahren vor einer Verbraucherschlichtungsstelle teilzunehmen.<\/div>\n","protected":false},"excerpt":{"rendered":"<p>Allgemeine Gesch\u00e4ftsbedingungen Tierisches Vergn\u00fcgen \u00a71 Geltung gegen\u00fcber Unternehmern und Begriffsdefinitionen (1) Die nachfolgenden Allgemeinen Gesch\u00e4ftbedingungen gelten f\u00fcr alle Lieferungen zwischen uns und einem Verbraucher in ihrer zum Zeitpunkt der Bestellung g\u00fcltigen Fassung. (2) \u201eVerbraucher\u201c in Sinne dieser Gesch\u00e4ftsbedingungen ist jede nat\u00fcrliche Person, die ein Rechtsgesch\u00e4ft zu einem Zwecke abschlie\u00dft, der\u2026<\/p>\n<p class=\"continue-reading-button\"> <a class=\"continue-reading-link\" href=\"https:\/\/tierischesvergnuegen.de\/wordpress\/?page_id=145\">Continue reading<i class=\"crycon-right-dir\"><\/i><\/a><\/p>\n","protected":false},"author":1,"featured_media":0,"parent":0,"menu_order":8,"comment_status":"closed","ping_status":"open","template":"","meta":{"footnotes":""},"_links":{"self":[{"href":"https:\/\/tierischesvergnuegen.de\/wordpress\/index.php?rest_route=\/wp\/v2\/pages\/145"}],"collection":[{"href":"https:\/\/tierischesvergnuegen.de\/wordpress\/index.php?rest_route=\/wp\/v2\/pages"}],"about":[{"href":"https:\/\/tierischesvergnuegen.de\/wordpress\/index.php?rest_route=\/wp\/v2\/types\/page"}],"author":[{"embeddable":true,"href":"https:\/\/tierischesvergnuegen.de\/wordpress\/index.php?rest_route=\/wp\/v2\/users\/1"}],"replies":[{"embeddable":true,"href":"https:\/\/tierischesvergnuegen.de\/wordpress\/index.php?rest_route=%2Fwp%2Fv2%2Fcomments&post=145"}],"version-history":[{"count":17,"href":"https:\/\/tierischesvergnuegen.de\/wordpress\/index.php?rest_route=\/wp\/v2\/pages\/145\/revisions"}],"predecessor-version":[{"id":2232,"href":"https:\/\/tierischesvergnuegen.de\/wordpress\/index.php?rest_route=\/wp\/v2\/pages\/145\/revisions\/2232"}],"wp:attachment":[{"href":"https:\/\/tierischesvergnuegen.de\/wordpress\/index.php?rest_route=%2Fwp%2Fv2%2Fmedia&parent=145"}],"curies":[{"name":"wp","href":"https:\/\/api.w.org\/{rel}","templated":true}]}}