{"id":66,"date":"2013-08-15T08:51:30","date_gmt":"2013-08-15T08:51:30","guid":{"rendered":"https:\/\/tierischesvergnuegen.de\/wordpress\/?page_id=66"},"modified":"2021-03-21T15:02:04","modified_gmt":"2021-03-21T15:02:04","slug":"kontakt-2","status":"publish","type":"page","link":"https:\/\/tierischesvergnuegen.de\/wordpress\/?page_id=66","title":{"rendered":"Kontakt"},"content":{"rendered":"<p>Ihnen stehen folgende Kontaktm\u00f6glichkeiten zur Verf\u00fcgung:<\/p>\n<p>Nadine Th\u00f6nnissen<br \/>\nWienenweg 48<br \/>\n41844 Wegberg<br \/>\nE-Mail: info@tierischesvergnuegen.de<br \/>\nTelefon: 01590 86 92 233<br \/>\nFacebook: https:\/\/www.facebook.com\/tierischesvergnuegen\/<\/p>\n<p><iframe loading=\"lazy\" src=\"http:\/\/tierischesvergnuegen.de\/extern\/kontaktformular\/kontakt.php\" name=\"meiniframe\" width=\"600\" height=\"700\"><\/iframe><\/p>\n","protected":false},"excerpt":{"rendered":"<p>Ihnen stehen folgende Kontaktm\u00f6glichkeiten zur Verf\u00fcgung: Nadine Th\u00f6nnissen Wienenweg 48 41844 Wegberg E-Mail: info@tierischesvergnuegen.de Telefon: 01590 86 92 233 Facebook: https:\/\/www.facebook.com\/tierischesvergnuegen\/<\/p>\n<p class=\"continue-reading-button\"> <a class=\"continue-reading-link\" href=\"https:\/\/tierischesvergnuegen.de\/wordpress\/?page_id=66\">Continue reading<i class=\"crycon-right-dir\"><\/i><\/a><\/p>\n","protected":false},"author":1,"featured_media":0,"parent":0,"menu_order":10,"comment_status":"closed","ping_status":"open","template":"","meta":{"footnotes":""},"_links":{"self":[{"href":"https:\/\/tierischesvergnuegen.de\/wordpress\/index.php?rest_route=\/wp\/v2\/pages\/66"}],"collection":[{"href":"https:\/\/tierischesvergnuegen.de\/wordpress\/index.php?rest_route=\/wp\/v2\/pages"}],"about":[{"href":"https:\/\/tierischesvergnuegen.de\/wordpress\/index.php?rest_route=\/wp\/v2\/types\/page"}],"author":[{"embeddable":true,"href":"https:\/\/tierischesvergnuegen.de\/wordpress\/index.php?rest_route=\/wp\/v2\/users\/1"}],"replies":[{"embeddable":true,"href":"https:\/\/tierischesvergnuegen.de\/wordpress\/index.php?rest_route=%2Fwp%2Fv2%2Fcomments&post=66"}],"version-history":[{"count":16,"href":"https:\/\/tierischesvergnuegen.de\/wordpress\/index.php?rest_route=\/wp\/v2\/pages\/66\/revisions"}],"predecessor-version":[{"id":2940,"href":"https:\/\/tierischesvergnuegen.de\/wordpress\/index.php?rest_route=\/wp\/v2\/pages\/66\/revisions\/2940"}],"wp:attachment":[{"href":"https:\/\/tierischesvergnuegen.de\/wordpress\/index.php?rest_route=%2Fwp%2Fv2%2Fmedia&parent=66"}],"curies":[{"name":"wp","href":"https:\/\/api.w.org\/{rel}","templated":true}]}}